{"id":25,"date":"2025-11-20T00:25:59","date_gmt":"2025-11-20T03:25:59","guid":{"rendered":"https:\/\/vrgpericiacontabil.com.br\/?page_id=25"},"modified":"2025-11-24T18:10:15","modified_gmt":"2025-11-24T21:10:15","slug":"quem-somos","status":"publish","type":"page","link":"https:\/\/vrgpericiacontabil.com.br\/?page_id=25","title":{"rendered":"Quem Somos"},"content":{"rendered":"\t\t<div data-elementor-type=\"wp-page\" data-elementor-id=\"25\" class=\"elementor elementor-25\" data-elementor-post-type=\"page\">\n\t\t\t\t<div class=\"elementor-element elementor-element-2f4cc20 e-flex e-con-boxed e-con e-parent\" data-id=\"2f4cc20\" data-element_type=\"container\">\n\t\t\t\t\t<div class=\"e-con-inner\">\n\t\t\t\t<div class=\"elementor-element elementor-element-8810e86 elementor-invisible elementor-widget elementor-widget-heading\" data-id=\"8810e86\" data-element_type=\"widget\" data-settings=\"{&quot;_animation&quot;:&quot;fadeInLeft&quot;}\" data-widget_type=\"heading.default\">\n\t\t\t\t<div class=\"elementor-widget-container\">\n\t\t\t\t\t<h2 class=\"elementor-heading-title elementor-size-default\">Conhe\u00e7a nossa empresa<\/h2>\t\t\t\t<\/div>\n\t\t\t\t<\/div>\n\t\t\t\t<div class=\"elementor-element elementor-element-c0df2cc elementor-widget-divider--view-line elementor-widget elementor-widget-divider\" data-id=\"c0df2cc\" data-element_type=\"widget\" data-widget_type=\"divider.default\">\n\t\t\t\t<div class=\"elementor-widget-container\">\n\t\t\t\t\t\t\t<div class=\"elementor-divider\">\n\t\t\t<span class=\"elementor-divider-separator\">\n\t\t\t\t\t\t<\/span>\n\t\t<\/div>\n\t\t\t\t\t\t<\/div>\n\t\t\t\t<\/div>\n\t\t\t\t<div class=\"elementor-element elementor-element-15ca64b elementor-invisible elementor-widget elementor-widget-text-editor\" data-id=\"15ca64b\" data-element_type=\"widget\" data-settings=\"{&quot;_animation&quot;:&quot;fadeInUp&quot;}\" data-widget_type=\"text-editor.default\">\n\t\t\t\t<div class=\"elementor-widget-container\">\n\t\t\t\t\t\t\t\t\t<p>VRG Per\u00edcia Cont\u00e1bil &#8211; Especialistas na prova pericial cont\u00e1bil<\/p>\t\t\t\t\t\t\t\t<\/div>\n\t\t\t\t<\/div>\n\t\t\t\t\t<\/div>\n\t\t\t\t<\/div>\n\t\t<div class=\"elementor-element elementor-element-aafec8e e-flex e-con-boxed e-con e-parent\" data-id=\"aafec8e\" data-element_type=\"container\">\n\t\t\t\t\t<div class=\"e-con-inner\">\n\t\t<div class=\"elementor-element elementor-element-6a41f34 e-con-full e-flex e-con e-child\" data-id=\"6a41f34\" data-element_type=\"container\">\n\t\t\t\t<div class=\"elementor-element elementor-element-2afd35d elementor-invisible elementor-widget elementor-widget-image\" data-id=\"2afd35d\" data-element_type=\"widget\" data-settings=\"{&quot;_animation&quot;:&quot;fadeInLeft&quot;}\" data-widget_type=\"image.default\">\n\t\t\t\t<div class=\"elementor-widget-container\">\n\t\t\t\t\t\t\t\t\t\t\t\t\t\t\t<img decoding=\"async\" data-src=\"https:\/\/vrgpericiacontabil.com.br\/wp-content\/uploads\/elementor\/thumbs\/Servicos-Mosaico-1-scaled-rf02b4pye3ckyr71s700kgozjuzw868zz0v6pvyvt4.jpg\" title=\"Servi\u00e7os Mosaico 1\" alt=\"Servi\u00e7os Mosaico 1\" src=\"data:image\/svg+xml;base64,PHN2ZyB3aWR0aD0iMSIgaGVpZ2h0PSIxIiB4bWxucz0iaHR0cDovL3d3dy53My5vcmcvMjAwMC9zdmciPjwvc3ZnPg==\" class=\"lazyload\" style=\"--smush-placeholder-width: 500px; --smush-placeholder-aspect-ratio: 500\/500;\" \/>\t\t\t\t\t\t\t\t\t\t\t\t\t\t\t<\/div>\n\t\t\t\t<\/div>\n\t\t\t\t<\/div>\n\t\t<div class=\"elementor-element elementor-element-bbe25df e-con-full e-flex e-con e-child\" data-id=\"bbe25df\" data-element_type=\"container\">\n\t\t\t\t<div class=\"elementor-element elementor-element-e2731ee elementor-invisible elementor-widget elementor-widget-heading\" data-id=\"e2731ee\" data-element_type=\"widget\" data-settings=\"{&quot;_animation&quot;:&quot;fadeInRight&quot;}\" data-widget_type=\"heading.default\">\n\t\t\t\t<div class=\"elementor-widget-container\">\n\t\t\t\t\t<h2 class=\"elementor-heading-title elementor-size-default\">Compromisso com a Verdade Cont\u00e1bil e o Rigor T\u00e9cnico<\/h2>\t\t\t\t<\/div>\n\t\t\t\t<\/div>\n\t\t\t\t<div class=\"elementor-element elementor-element-e36eb17 elementor-widget elementor-widget-text-editor\" data-id=\"e36eb17\" data-element_type=\"widget\" data-widget_type=\"text-editor.default\">\n\t\t\t\t<div class=\"elementor-widget-container\">\n\t\t\t\t\t\t\t\t\t<p data-start=\"1655\" data-end=\"1895\">Somos uma empresa especializada em <span style=\"color: #6cb8d6;\"><strong data-start=\"1690\" data-end=\"1735\">Per\u00edcia Cont\u00e1bil Judicial e Extrajudicial<\/strong><\/span>, com foco em oferecer suporte t\u00e9cnico preciso, embasado e estrat\u00e9gico para advogados, empresas e profissionais que necessitam de an\u00e1lises cont\u00e1beis confi\u00e1veis.<\/p><p data-start=\"1897\" data-end=\"2059\">Atuamos na constru\u00e7\u00e3o, interpreta\u00e7\u00e3o e contesta\u00e7\u00e3o de provas cont\u00e1beis, sempre com rigor metodol\u00f3gico, transpar\u00eancia e total respeito \u00e0s normas t\u00e9cnicas e legais.<\/p>\t\t\t\t\t\t\t\t<\/div>\n\t\t\t\t<\/div>\n\t\t\t\t<\/div>\n\t\t\t\t\t<\/div>\n\t\t\t\t<\/div>\n\t\t<div class=\"elementor-element elementor-element-cc6902a e-flex e-con-boxed e-con e-parent\" data-id=\"cc6902a\" data-element_type=\"container\">\n\t\t\t\t\t<div class=\"e-con-inner\">\n\t\t<div class=\"elementor-element elementor-element-c138919 e-con-full e-flex e-con e-child\" data-id=\"c138919\" data-element_type=\"container\">\n\t\t\t\t<div class=\"elementor-element elementor-element-6b69318 elementor-invisible elementor-widget elementor-widget-image-box\" data-id=\"6b69318\" data-element_type=\"widget\" data-settings=\"{&quot;_animation&quot;:&quot;fadeInUp&quot;}\" data-widget_type=\"image-box.default\">\n\t\t\t\t<div class=\"elementor-widget-container\">\n\t\t\t\t\t<div class=\"elementor-image-box-wrapper\"><div class=\"elementor-image-box-content\"><h3 class=\"elementor-image-box-title\">Miss\u00e3o<\/h3><p class=\"elementor-image-box-description\">A VRG Per\u00edcias tem como miss\u00e3o fundamental fornecer servi\u00e7os em per\u00edcia cont\u00e1bil e assist\u00eancia t\u00e9cnica de alta qualidade e precis\u00e3o, transformando dados complexos em informa\u00e7\u00f5es claras e conclusivas. Atuamos com expertise t\u00e9cnica e imparcialidade, oferecendo suporte estrat\u00e9gico a advogados e empresas, visando a elucida\u00e7\u00e3o de fatos, a fundamenta\u00e7\u00e3o de decis\u00f5es judiciais e a otimiza\u00e7\u00e3o de processos, sempre pautados pela busca da verdade e da justi\u00e7a. Nosso prop\u00f3sito \u00e9 ser o elo de confian\u00e7a que desvenda cen\u00e1rios cont\u00e1beis, garantindo seguran\u00e7a e clareza aos nossos clientes.<\/p><\/div><\/div>\t\t\t\t<\/div>\n\t\t\t\t<\/div>\n\t\t\t\t<\/div>\n\t\t<div class=\"elementor-element elementor-element-2759865 e-con-full e-flex e-con e-child\" data-id=\"2759865\" data-element_type=\"container\">\n\t\t\t\t<div class=\"elementor-element elementor-element-ca005a6 elementor-invisible elementor-widget elementor-widget-image-box\" data-id=\"ca005a6\" data-element_type=\"widget\" data-settings=\"{&quot;_animation&quot;:&quot;fadeInUp&quot;}\" data-widget_type=\"image-box.default\">\n\t\t\t\t<div class=\"elementor-widget-container\">\n\t\t\t\t\t<div class=\"elementor-image-box-wrapper\"><div class=\"elementor-image-box-content\"><h3 class=\"elementor-image-box-title\">Vis\u00e3o<\/h3><p class=\"elementor-image-box-description\">Ser reconhecida como a principal refer\u00eancia em per\u00edcia cont\u00e1bil e assist\u00eancia t\u00e9cnica no mercado nacional, destacando-se pela excel\u00eancia t\u00e9cnica, inova\u00e7\u00e3o cont\u00ednua e a capacidade de entregar solu\u00e7\u00f5es eficazes para os mais complexos desafios. Almejamos expandir nossa atua\u00e7\u00e3o, mantendo a reputa\u00e7\u00e3o de parceiro estrat\u00e9gico indispens\u00e1vel, impulsionando a tomada de decis\u00f5es e contribuindo para a evolu\u00e7\u00e3o do campo pericial atrav\u00e9s de metodologias avan\u00e7adas e um corpo t\u00e9cnico altamente qualificado.<\/p><\/div><\/div>\t\t\t\t<\/div>\n\t\t\t\t<\/div>\n\t\t\t\t<\/div>\n\t\t<div class=\"elementor-element elementor-element-fc6269f e-con-full e-flex e-con e-child\" data-id=\"fc6269f\" data-element_type=\"container\">\n\t\t\t\t<div class=\"elementor-element elementor-element-92846b3 elementor-invisible elementor-widget elementor-widget-image-box\" data-id=\"92846b3\" data-element_type=\"widget\" data-settings=\"{&quot;_animation&quot;:&quot;fadeInUp&quot;}\" data-widget_type=\"image-box.default\">\n\t\t\t\t<div class=\"elementor-widget-container\">\n\t\t\t\t\t<div class=\"elementor-image-box-wrapper\"><div class=\"elementor-image-box-content\"><h3 class=\"elementor-image-box-title\">Valores<\/h3><p class=\"elementor-image-box-description\">A VRG Pericias fundamenta sua atua\u00e7\u00e3o em oito pilares essenciais:\n<br>\n1.\tIntegridade - Atua\u00e7\u00e3o com total honestidade e imparcialidade..<br>\n2.\tExcel\u00eancia - Busca cont\u00ednua pela qualidade e melhoria dos m\u00e9todos.<br>\n3.\tConfiabilidade - Resultados precisos, consistentes e entregues no prazo.<br>\n4.\tInova\u00e7\u00e3o: Uso de tecnologias e t\u00e9cnicas avan\u00e7adas.<br>\n5.\tProfissionalismo: Compet\u00eancia t\u00e9cnica e \u00e9tica rigorosa.<br>\n6.\tTranspar\u00eancia: Comunica\u00e7\u00e3o clara e objetiva com todas as partes.<br>\n7.\tFoco em Resultados: Gera\u00e7\u00e3o de valor e apoio estrat\u00e9gico ao cliente.<br>\n8.\tResponsabilidade Social: Compromisso com \u00e9tica, sustentabilidade e impacto positivo na sociedade.\n<\/p><\/div><\/div>\t\t\t\t<\/div>\n\t\t\t\t<\/div>\n\t\t\t\t<\/div>\n\t\t\t\t\t<\/div>\n\t\t\t\t<\/div>\n\t\t\t\t<\/div>\n\t\t","protected":false},"excerpt":{"rendered":"<p>Conhe\u00e7a nossa empresa VRG Per\u00edcia Cont\u00e1bil &#8211; Especialistas na prova pericial cont\u00e1bil Compromisso com a Verdade Cont\u00e1bil e o Rigor [&hellip;]<\/p>\n","protected":false},"author":1,"featured_media":0,"parent":0,"menu_order":0,"comment_status":"closed","ping_status":"closed","template":"","meta":{"site-sidebar-layout":"no-sidebar","site-content-layout":"","ast-site-content-layout":"full-width-container","site-content-style":"default","site-sidebar-style":"default","ast-global-header-display":"","ast-banner-title-visibility":"","ast-main-header-display":"","ast-hfb-above-header-display":"","ast-hfb-below-header-display":"","ast-hfb-mobile-header-display":"","site-post-title":"","ast-breadcrumbs-content":"","ast-featured-img":"disabled","footer-sml-layout":"","theme-transparent-header-meta":"","adv-header-id-meta":"","stick-header-meta":"","header-above-stick-meta":"","header-main-stick-meta":"","header-below-stick-meta":"","astra-migrate-meta-layouts":"default","ast-page-background-enabled":"default","ast-page-background-meta":{"desktop":{"background-color":"var(--ast-global-color-5)","background-image":"","background-repeat":"repeat","background-position":"center center","background-size":"auto","background-attachment":"scroll","background-type":"","background-media":"","overlay-type":"","overlay-color":"","overlay-opacity":"","overlay-gradient":""},"tablet":{"background-color":"","background-image":"","background-repeat":"repeat","background-position":"center center","background-size":"auto","background-attachment":"scroll","background-type":"","background-media":"","overlay-type":"","overlay-color":"","overlay-opacity":"","overlay-gradient":""},"mobile":{"background-color":"","background-image":"","background-repeat":"repeat","background-position":"center center","background-size":"auto","background-attachment":"scroll","background-type":"","background-media":"","overlay-type":"","overlay-color":"","overlay-opacity":"","overlay-gradient":""}},"ast-content-background-meta":{"desktop":{"background-color":"var(--ast-global-color-4)","background-image":"","background-repeat":"repeat","background-position":"center center","background-size":"auto","background-attachment":"scroll","background-type":"","background-media":"","overlay-type":"","overlay-color":"","overlay-opacity":"","overlay-gradient":""},"tablet":{"background-color":"var(--ast-global-color-4)","background-image":"","background-repeat":"repeat","background-position":"center center","background-size":"auto","background-attachment":"scroll","background-type":"","background-media":"","overlay-type":"","overlay-color":"","overlay-opacity":"","overlay-gradient":""},"mobile":{"background-color":"var(--ast-global-color-4)","background-image":"","background-repeat":"repeat","background-position":"center center","background-size":"auto","background-attachment":"scroll","background-type":"","background-media":"","overlay-type":"","overlay-color":"","overlay-opacity":"","overlay-gradient":""}},"footnotes":""},"class_list":["post-25","page","type-page","status-publish","hentry"],"_links":{"self":[{"href":"https:\/\/vrgpericiacontabil.com.br\/index.php?rest_route=\/wp\/v2\/pages\/25","targetHints":{"allow":["GET"]}}],"collection":[{"href":"https:\/\/vrgpericiacontabil.com.br\/index.php?rest_route=\/wp\/v2\/pages"}],"about":[{"href":"https:\/\/vrgpericiacontabil.com.br\/index.php?rest_route=\/wp\/v2\/types\/page"}],"author":[{"embeddable":true,"href":"https:\/\/vrgpericiacontabil.com.br\/index.php?rest_route=\/wp\/v2\/users\/1"}],"replies":[{"embeddable":true,"href":"https:\/\/vrgpericiacontabil.com.br\/index.php?rest_route=%2Fwp%2Fv2%2Fcomments&post=25"}],"version-history":[{"count":16,"href":"https:\/\/vrgpericiacontabil.com.br\/index.php?rest_route=\/wp\/v2\/pages\/25\/revisions"}],"predecessor-version":[{"id":213,"href":"https:\/\/vrgpericiacontabil.com.br\/index.php?rest_route=\/wp\/v2\/pages\/25\/revisions\/213"}],"wp:attachment":[{"href":"https:\/\/vrgpericiacontabil.com.br\/index.php?rest_route=%2Fwp%2Fv2%2Fmedia&parent=25"}],"curies":[{"name":"wp","href":"https:\/\/api.w.org\/{rel}","templated":true}]}}