{"id":125,"date":"2025-11-20T19:03:44","date_gmt":"2025-11-20T22:03:44","guid":{"rendered":"https:\/\/vrgpericiacontabil.com.br\/?page_id=125"},"modified":"2025-11-24T21:00:57","modified_gmt":"2025-11-25T00:00:57","slug":"socios","status":"publish","type":"page","link":"https:\/\/vrgpericiacontabil.com.br\/?page_id=125","title":{"rendered":"S\u00f3cios"},"content":{"rendered":"\t\t<div data-elementor-type=\"wp-page\" data-elementor-id=\"125\" class=\"elementor elementor-125\" data-elementor-post-type=\"page\">\n\t\t\t\t<div class=\"elementor-element elementor-element-75628ba e-flex e-con-boxed e-con e-parent\" data-id=\"75628ba\" data-element_type=\"container\">\n\t\t\t\t\t<div class=\"e-con-inner\">\n\t\t\t\t<div class=\"elementor-element elementor-element-800836d elementor-invisible elementor-widget elementor-widget-heading\" data-id=\"800836d\" data-element_type=\"widget\" data-settings=\"{&quot;_animation&quot;:&quot;fadeInLeft&quot;}\" data-widget_type=\"heading.default\">\n\t\t\t\t<div class=\"elementor-widget-container\">\n\t\t\t\t\t<h2 class=\"elementor-heading-title elementor-size-default\">Conhe\u00e7a nossos s\u00f3cios <\/h2>\t\t\t\t<\/div>\n\t\t\t\t<\/div>\n\t\t\t\t<div class=\"elementor-element elementor-element-7fd4ad7 elementor-widget-divider--view-line elementor-widget elementor-widget-divider\" data-id=\"7fd4ad7\" data-element_type=\"widget\" data-widget_type=\"divider.default\">\n\t\t\t\t<div class=\"elementor-widget-container\">\n\t\t\t\t\t\t\t<div class=\"elementor-divider\">\n\t\t\t<span class=\"elementor-divider-separator\">\n\t\t\t\t\t\t<\/span>\n\t\t<\/div>\n\t\t\t\t\t\t<\/div>\n\t\t\t\t<\/div>\n\t\t\t\t<div class=\"elementor-element elementor-element-f334720 elementor-invisible elementor-widget elementor-widget-text-editor\" data-id=\"f334720\" data-element_type=\"widget\" data-settings=\"{&quot;_animation&quot;:&quot;fadeInUp&quot;}\" data-widget_type=\"text-editor.default\">\n\t\t\t\t<div class=\"elementor-widget-container\">\n\t\t\t\t\t\t\t\t\t<p>Auxiliamos voc\u00ea com an\u00e1lises t\u00e9cnicas precisas e oferecemos acompanhamento especializado em cada etapa do processo.<\/p>\t\t\t\t\t\t\t\t<\/div>\n\t\t\t\t<\/div>\n\t\t\t\t\t<\/div>\n\t\t\t\t<\/div>\n\t\t<div class=\"elementor-element elementor-element-ebb4513 e-flex e-con-boxed e-con e-parent\" data-id=\"ebb4513\" data-element_type=\"container\" data-settings=\"{&quot;background_background&quot;:&quot;classic&quot;}\">\n\t\t\t\t\t<div class=\"e-con-inner\">\n\t\t<div class=\"elementor-element elementor-element-9365ad1 e-con-full e-flex e-con e-child\" data-id=\"9365ad1\" data-element_type=\"container\">\n\t\t\t\t<div class=\"elementor-element elementor-element-98d1ec7 elementor-invisible elementor-widget elementor-widget-image\" data-id=\"98d1ec7\" data-element_type=\"widget\" data-settings=\"{&quot;_animation&quot;:&quot;fadeInLeft&quot;}\" data-widget_type=\"image.default\">\n\t\t\t\t<div class=\"elementor-widget-container\">\n\t\t\t\t\t\t\t\t\t\t\t\t\t\t\t<img decoding=\"async\" data-src=\"https:\/\/vrgpericiacontabil.com.br\/wp-content\/uploads\/elementor\/thumbs\/Thiago-vidal-1-scaled-rf0b6rq6fwwt12whbcytgsxvqvjbqt70l39bra1bwo.jpg\" title=\"Thiago vidal\" alt=\"Thiago vidal\" src=\"data:image\/svg+xml;base64,PHN2ZyB3aWR0aD0iMSIgaGVpZ2h0PSIxIiB4bWxucz0iaHR0cDovL3d3dy53My5vcmcvMjAwMC9zdmciPjwvc3ZnPg==\" class=\"lazyload\" style=\"--smush-placeholder-width: 500px; --smush-placeholder-aspect-ratio: 500\/500;\" \/>\t\t\t\t\t\t\t\t\t\t\t\t\t\t\t<\/div>\n\t\t\t\t<\/div>\n\t\t\t\t<\/div>\n\t\t<div class=\"elementor-element elementor-element-ced8816 e-con-full e-flex e-con e-child\" data-id=\"ced8816\" data-element_type=\"container\">\n\t\t\t\t<div class=\"elementor-element elementor-element-f30d063 elementor-widget elementor-widget-heading\" data-id=\"f30d063\" data-element_type=\"widget\" data-widget_type=\"heading.default\">\n\t\t\t\t<div class=\"elementor-widget-container\">\n\t\t\t\t\t<h2 class=\"elementor-heading-title elementor-size-default\">Thiago Vidal<\/h2>\t\t\t\t<\/div>\n\t\t\t\t<\/div>\n\t\t\t\t<div class=\"elementor-element elementor-element-e4efc67 elementor-widget-divider--view-line elementor-widget elementor-widget-divider\" data-id=\"e4efc67\" data-element_type=\"widget\" data-widget_type=\"divider.default\">\n\t\t\t\t<div class=\"elementor-widget-container\">\n\t\t\t\t\t\t\t<div class=\"elementor-divider\">\n\t\t\t<span class=\"elementor-divider-separator\">\n\t\t\t\t\t\t<\/span>\n\t\t<\/div>\n\t\t\t\t\t\t<\/div>\n\t\t\t\t<\/div>\n\t\t\t\t<div class=\"elementor-element elementor-element-fa98b93 elementor-widget elementor-widget-text-editor\" data-id=\"fa98b93\" data-element_type=\"widget\" data-widget_type=\"text-editor.default\">\n\t\t\t\t<div class=\"elementor-widget-container\">\n\t\t\t\t\t\t\t\t\t<p><span style=\"font-size: 13.5pt; font-family: 'Arial','sans-serif'; color: black;\">Thiago Vidal, Contador e P\u00f3s-Graduando em Per\u00edcia Cont\u00e1bil pela Pontif\u00edcia Universitaria Cat\u00f3lica (PUC-MG), com mais de 17 anos de experi\u00eancia na area cont\u00e1bil e fiscal. Atua como Perito Cont\u00e1bil Judicial nos Estados de S\u00e3o Paulo, Minas Gerais, Paran\u00e1 e Mato Grosso. Possui experiencia na realiza\u00e7\u00e3o de per\u00edcias de revis\u00e3o de contratos banc\u00e1rios, apura\u00e7\u00e3o de haveres, liquida\u00e7\u00e3o de senten\u00e7as, presta\u00e7\u00e3o de contas, invent\u00e1rio, entre outros.<\/span><\/p>\t\t\t\t\t\t\t\t<\/div>\n\t\t\t\t<\/div>\n\t\t\t\t<\/div>\n\t\t\t\t\t<\/div>\n\t\t\t\t<\/div>\n\t\t<div class=\"elementor-element elementor-element-a006bdb e-flex e-con-boxed e-con e-parent\" data-id=\"a006bdb\" data-element_type=\"container\" data-settings=\"{&quot;background_background&quot;:&quot;classic&quot;}\">\n\t\t\t\t\t<div class=\"e-con-inner\">\n\t\t<div class=\"elementor-element elementor-element-75799b3 e-con-full e-flex e-con e-child\" data-id=\"75799b3\" data-element_type=\"container\">\n\t\t\t\t<div class=\"elementor-element elementor-element-47d5752 elementor-invisible elementor-widget elementor-widget-image\" data-id=\"47d5752\" data-element_type=\"widget\" data-settings=\"{&quot;_animation&quot;:&quot;fadeInLeft&quot;}\" data-widget_type=\"image.default\">\n\t\t\t\t<div class=\"elementor-widget-container\">\n\t\t\t\t\t\t\t\t\t\t\t\t\t\t\t<img decoding=\"async\" data-src=\"https:\/\/vrgpericiacontabil.com.br\/wp-content\/uploads\/elementor\/thumbs\/Onesio-Ribeiro-scaled-rf0b7jxc4xzepdriqp5mjltpkfoc5qayoytw5kviq0.jpg\" title=\"On\u00e9sio Ribeiro\" alt=\"On\u00e9sio Ribeiro\" src=\"data:image\/svg+xml;base64,PHN2ZyB3aWR0aD0iMSIgaGVpZ2h0PSIxIiB4bWxucz0iaHR0cDovL3d3dy53My5vcmcvMjAwMC9zdmciPjwvc3ZnPg==\" class=\"lazyload\" style=\"--smush-placeholder-width: 500px; --smush-placeholder-aspect-ratio: 500\/500;\" \/>\t\t\t\t\t\t\t\t\t\t\t\t\t\t\t<\/div>\n\t\t\t\t<\/div>\n\t\t\t\t<\/div>\n\t\t<div class=\"elementor-element elementor-element-6ad50cb e-con-full e-flex e-con e-child\" data-id=\"6ad50cb\" data-element_type=\"container\">\n\t\t\t\t<div class=\"elementor-element elementor-element-f6fecfb elementor-widget elementor-widget-heading\" data-id=\"f6fecfb\" data-element_type=\"widget\" data-widget_type=\"heading.default\">\n\t\t\t\t<div class=\"elementor-widget-container\">\n\t\t\t\t\t<h2 class=\"elementor-heading-title elementor-size-default\">On\u00e9sio Ribeiro<\/h2>\t\t\t\t<\/div>\n\t\t\t\t<\/div>\n\t\t\t\t<div class=\"elementor-element elementor-element-b22b045 elementor-widget-divider--view-line elementor-widget elementor-widget-divider\" data-id=\"b22b045\" data-element_type=\"widget\" data-widget_type=\"divider.default\">\n\t\t\t\t<div class=\"elementor-widget-container\">\n\t\t\t\t\t\t\t<div class=\"elementor-divider\">\n\t\t\t<span class=\"elementor-divider-separator\">\n\t\t\t\t\t\t<\/span>\n\t\t<\/div>\n\t\t\t\t\t\t<\/div>\n\t\t\t\t<\/div>\n\t\t\t\t<div class=\"elementor-element elementor-element-824b0b8 elementor-widget elementor-widget-text-editor\" data-id=\"824b0b8\" data-element_type=\"widget\" data-widget_type=\"text-editor.default\">\n\t\t\t\t<div class=\"elementor-widget-container\">\n\t\t\t\t\t\t\t\t\t<p><span style=\"font-size: 13.5pt; font-family: 'Arial','sans-serif'; color: black;\">On\u00e9sio Ribeiro \u00e9 Contador e P\u00f3s-Graduando em Per\u00edcia Cont\u00e1bil pela Pontif\u00edcia Universidade Cat\u00f3lica (PUC-MG), com mais de 6 anos de experi\u00eancia nas \u00e1reas cont\u00e1bil, fiscal e de per\u00edcia cont\u00e1bil. Sua atua\u00e7\u00e3o abrange quest\u00f5es t\u00e9cnicas e judiciais, proporcionando uma vis\u00e3o integrada e abrangente das diversas dimens\u00f5es da profiss\u00e3o. Atuou como Assistente T\u00e9cnico em empresa especializada em per\u00edcia judicial, representando as maiores empresas do Brasil durante o desenvolvimento da Per\u00edcia. Atua como Perito Cont\u00e1bil Judicial no Estado de S\u00e3o Paulo, com expertise em c\u00e1lculos judiciais, revis\u00e3o de contratos banc\u00e1rios e imobili\u00e1rios, apura\u00e7\u00e3o de haveres, liquida\u00e7\u00e3o de senten\u00e7as, presta\u00e7\u00e3o de contas, auditoria condominial,\u00a0entre\u00a0outros.<\/span><\/p>\t\t\t\t\t\t\t\t<\/div>\n\t\t\t\t<\/div>\n\t\t\t\t<\/div>\n\t\t\t\t\t<\/div>\n\t\t\t\t<\/div>\n\t\t<div class=\"elementor-element elementor-element-ab3029c e-flex e-con-boxed e-con e-parent\" data-id=\"ab3029c\" data-element_type=\"container\" data-settings=\"{&quot;background_background&quot;:&quot;classic&quot;}\">\n\t\t\t\t\t<div class=\"e-con-inner\">\n\t\t<div class=\"elementor-element elementor-element-b036bc7 e-con-full e-flex e-con e-child\" data-id=\"b036bc7\" data-element_type=\"container\">\n\t\t\t\t<div class=\"elementor-element elementor-element-ddbad38 elementor-invisible elementor-widget elementor-widget-image\" data-id=\"ddbad38\" data-element_type=\"widget\" data-settings=\"{&quot;_animation&quot;:&quot;fadeInLeft&quot;}\" data-widget_type=\"image.default\">\n\t\t\t\t<div class=\"elementor-widget-container\">\n\t\t\t\t\t\t\t\t\t\t\t\t\t\t\t<img decoding=\"async\" data-src=\"https:\/\/vrgpericiacontabil.com.br\/wp-content\/uploads\/elementor\/thumbs\/Eduardo-Guimaraes-scaled-rf0b74vx3letjmdd6inlfpmc29qgqkn9awe4h5hthk.jpg\" title=\"Eduardo Guimar\u00e3es\" alt=\"Eduardo Guimar\u00e3es\" src=\"data:image\/svg+xml;base64,PHN2ZyB3aWR0aD0iMSIgaGVpZ2h0PSIxIiB4bWxucz0iaHR0cDovL3d3dy53My5vcmcvMjAwMC9zdmciPjwvc3ZnPg==\" class=\"lazyload\" style=\"--smush-placeholder-width: 500px; --smush-placeholder-aspect-ratio: 500\/500;\" \/>\t\t\t\t\t\t\t\t\t\t\t\t\t\t\t<\/div>\n\t\t\t\t<\/div>\n\t\t\t\t<\/div>\n\t\t<div class=\"elementor-element elementor-element-7a05222 e-con-full e-flex e-con e-child\" data-id=\"7a05222\" data-element_type=\"container\">\n\t\t\t\t<div class=\"elementor-element elementor-element-88052e5 elementor-widget elementor-widget-heading\" data-id=\"88052e5\" data-element_type=\"widget\" data-widget_type=\"heading.default\">\n\t\t\t\t<div class=\"elementor-widget-container\">\n\t\t\t\t\t<h2 class=\"elementor-heading-title elementor-size-default\">Eduardo Guimar\u00e3es<\/h2>\t\t\t\t<\/div>\n\t\t\t\t<\/div>\n\t\t\t\t<div class=\"elementor-element elementor-element-7f51731 elementor-widget-divider--view-line elementor-widget elementor-widget-divider\" data-id=\"7f51731\" data-element_type=\"widget\" data-widget_type=\"divider.default\">\n\t\t\t\t<div class=\"elementor-widget-container\">\n\t\t\t\t\t\t\t<div class=\"elementor-divider\">\n\t\t\t<span class=\"elementor-divider-separator\">\n\t\t\t\t\t\t<\/span>\n\t\t<\/div>\n\t\t\t\t\t\t<\/div>\n\t\t\t\t<\/div>\n\t\t\t\t<div class=\"elementor-element elementor-element-86a8bee elementor-widget elementor-widget-text-editor\" data-id=\"86a8bee\" data-element_type=\"widget\" data-widget_type=\"text-editor.default\">\n\t\t\t\t<div class=\"elementor-widget-container\">\n\t\t\t\t\t\t\t\t\t<p><span style=\"font-size: 13.5pt; font-family: 'Arial','sans-serif'; color: black;\">Eduardo Guimar\u00e3es, Contador, P\u00f3s-Graduado em Direito Tribut\u00e1rio e cursando MBA em Gest\u00e3o e Tributa\u00e7\u00e3o no Agroneg\u00f3cio, com mais de 10 anos de experi\u00eancia em Per\u00edcia Cont\u00e1bil. Atuou como Assistente T\u00e9cnico em empresas especializadas em per\u00edcia judicial, representando as maiores empresas do Brasil durante o desenvolvimento da Per\u00edcia. Atua como Perito Cont\u00e1bil Judicial nos Estados de S\u00e3o Paulo, Paran\u00e1 e Para\u00edba. Sua expertise inclui a realiza\u00e7\u00e3o de presta\u00e7\u00e3o de servi\u00e7os de per\u00edcias em demandas tribut\u00e1rias, abrangendo tributos diretos e indiretos, al\u00e9m c\u00e1lculos de liquida\u00e7\u00e3o de senten\u00e7a, apura\u00e7\u00e3o de danos, c\u00e1lculos de tributos e contribui\u00e7\u00f5es, revis\u00e3o de contratos em geral, entre outros<\/span><\/p>\t\t\t\t\t\t\t\t<\/div>\n\t\t\t\t<\/div>\n\t\t\t\t<\/div>\n\t\t\t\t\t<\/div>\n\t\t\t\t<\/div>\n\t\t\t\t<\/div>\n\t\t","protected":false},"excerpt":{"rendered":"<p>Conhe\u00e7a nossos s\u00f3cios Auxiliamos voc\u00ea com an\u00e1lises t\u00e9cnicas precisas e oferecemos acompanhamento especializado em cada etapa do processo. Thiago Vidal [&hellip;]<\/p>\n","protected":false},"author":1,"featured_media":0,"parent":0,"menu_order":0,"comment_status":"closed","ping_status":"closed","template":"","meta":{"site-sidebar-layout":"no-sidebar","site-content-layout":"","ast-site-content-layout":"full-width-container","site-content-style":"default","site-sidebar-style":"default","ast-global-header-display":"","ast-banner-title-visibility":"","ast-main-header-display":"","ast-hfb-above-header-display":"","ast-hfb-below-header-display":"","ast-hfb-mobile-header-display":"","site-post-title":"","ast-breadcrumbs-content":"","ast-featured-img":"disabled","footer-sml-layout":"","theme-transparent-header-meta":"","adv-header-id-meta":"","stick-header-meta":"","header-above-stick-meta":"","header-main-stick-meta":"","header-below-stick-meta":"","astra-migrate-meta-layouts":"default","ast-page-background-enabled":"default","ast-page-background-meta":{"desktop":{"background-color":"var(--ast-global-color-5)","background-image":"","background-repeat":"repeat","background-position":"center center","background-size":"auto","background-attachment":"scroll","background-type":"","background-media":"","overlay-type":"","overlay-color":"","overlay-opacity":"","overlay-gradient":""},"tablet":{"background-color":"","background-image":"","background-repeat":"repeat","background-position":"center center","background-size":"auto","background-attachment":"scroll","background-type":"","background-media":"","overlay-type":"","overlay-color":"","overlay-opacity":"","overlay-gradient":""},"mobile":{"background-color":"","background-image":"","background-repeat":"repeat","background-position":"center center","background-size":"auto","background-attachment":"scroll","background-type":"","background-media":"","overlay-type":"","overlay-color":"","overlay-opacity":"","overlay-gradient":""}},"ast-content-background-meta":{"desktop":{"background-color":"var(--ast-global-color-4)","background-image":"","background-repeat":"repeat","background-position":"center center","background-size":"auto","background-attachment":"scroll","background-type":"","background-media":"","overlay-type":"","overlay-color":"","overlay-opacity":"","overlay-gradient":""},"tablet":{"background-color":"var(--ast-global-color-4)","background-image":"","background-repeat":"repeat","background-position":"center center","background-size":"auto","background-attachment":"scroll","background-type":"","background-media":"","overlay-type":"","overlay-color":"","overlay-opacity":"","overlay-gradient":""},"mobile":{"background-color":"var(--ast-global-color-4)","background-image":"","background-repeat":"repeat","background-position":"center center","background-size":"auto","background-attachment":"scroll","background-type":"","background-media":"","overlay-type":"","overlay-color":"","overlay-opacity":"","overlay-gradient":""}},"footnotes":""},"class_list":["post-125","page","type-page","status-publish","hentry"],"_links":{"self":[{"href":"https:\/\/vrgpericiacontabil.com.br\/index.php?rest_route=\/wp\/v2\/pages\/125","targetHints":{"allow":["GET"]}}],"collection":[{"href":"https:\/\/vrgpericiacontabil.com.br\/index.php?rest_route=\/wp\/v2\/pages"}],"about":[{"href":"https:\/\/vrgpericiacontabil.com.br\/index.php?rest_route=\/wp\/v2\/types\/page"}],"author":[{"embeddable":true,"href":"https:\/\/vrgpericiacontabil.com.br\/index.php?rest_route=\/wp\/v2\/users\/1"}],"replies":[{"embeddable":true,"href":"https:\/\/vrgpericiacontabil.com.br\/index.php?rest_route=%2Fwp%2Fv2%2Fcomments&post=125"}],"version-history":[{"count":35,"href":"https:\/\/vrgpericiacontabil.com.br\/index.php?rest_route=\/wp\/v2\/pages\/125\/revisions"}],"predecessor-version":[{"id":220,"href":"https:\/\/vrgpericiacontabil.com.br\/index.php?rest_route=\/wp\/v2\/pages\/125\/revisions\/220"}],"wp:attachment":[{"href":"https:\/\/vrgpericiacontabil.com.br\/index.php?rest_route=%2Fwp%2Fv2%2Fmedia&parent=125"}],"curies":[{"name":"wp","href":"https:\/\/api.w.org\/{rel}","templated":true}]}}