{"id":12,"date":"2025-11-19T17:56:02","date_gmt":"2025-11-19T20:56:02","guid":{"rendered":"https:\/\/vrgpericiacontabil.com.br\/?page_id=12"},"modified":"2025-11-20T21:08:43","modified_gmt":"2025-11-21T00:08:43","slug":"inicio","status":"publish","type":"page","link":"https:\/\/vrgpericiacontabil.com.br\/","title":{"rendered":"In\u00edcio"},"content":{"rendered":"\t\t<div data-elementor-type=\"wp-page\" data-elementor-id=\"12\" class=\"elementor elementor-12\" data-elementor-post-type=\"page\">\n\t\t\t\t<div class=\"elementor-element elementor-element-fce15df e-flex e-con-boxed e-con e-parent\" data-id=\"fce15df\" data-element_type=\"container\" data-settings=\"{&quot;background_background&quot;:&quot;classic&quot;}\">\n\t\t\t\t\t<div class=\"e-con-inner\">\n\t\t<div class=\"elementor-element elementor-element-94d4806 e-con-full e-flex e-con e-child\" data-id=\"94d4806\" data-element_type=\"container\">\n\t\t\t\t<div class=\"elementor-element elementor-element-c6681e1 elementor-invisible elementor-widget elementor-widget-heading\" data-id=\"c6681e1\" data-element_type=\"widget\" data-settings=\"{&quot;_animation&quot;:&quot;fadeInLeft&quot;}\" data-widget_type=\"heading.default\">\n\t\t\t\t<div class=\"elementor-widget-container\">\n\t\t\t\t\t<h2 class=\"elementor-heading-title elementor-size-default\">Per\u00edcia Cont\u00e1bil com Precis\u00e3o, T\u00e9cnica e Seguran\u00e7a Jur\u00eddica<\/h2>\t\t\t\t<\/div>\n\t\t\t\t<\/div>\n\t\t\t\t<div class=\"elementor-element elementor-element-8fdc01a elementor-invisible elementor-widget elementor-widget-text-editor\" data-id=\"8fdc01a\" data-element_type=\"widget\" data-settings=\"{&quot;_animation&quot;:&quot;fadeInUp&quot;}\" data-widget_type=\"text-editor.default\">\n\t\t\t\t<div class=\"elementor-widget-container\">\n\t\t\t\t\t\t\t\t\t<p><span style=\"font-weight: 400;\">Atuamos na an\u00e1lise de documentos, elabora\u00e7\u00e3o de laudos, pareceres t\u00e9cnicos e c\u00e1lculos, entregando clareza, embasamento e seguran\u00e7a para decis\u00f5es jur\u00eddicas e estrat\u00e9gicas.<\/span><\/p>\t\t\t\t\t\t\t\t<\/div>\n\t\t\t\t<\/div>\n\t\t\t\t<div class=\"elementor-element elementor-element-de292cd elementor-widget__width-initial elementor-widget-tablet__width-initial elementor-widget-mobile__width-inherit elementor-mobile-align-center elementor-invisible elementor-widget elementor-widget-button\" data-id=\"de292cd\" data-element_type=\"widget\" data-settings=\"{&quot;_animation&quot;:&quot;zoomIn&quot;}\" data-widget_type=\"button.default\">\n\t\t\t\t<div class=\"elementor-widget-container\">\n\t\t\t\t\t\t\t\t\t<div class=\"elementor-button-wrapper\">\n\t\t\t\t\t<a class=\"elementor-button elementor-button-link elementor-size-sm elementor-animation-float\" href=\"https:\/\/wa.me\/5511986386660?text=Ol%C3%A1%2C%20vim%20pelo%20site%20e%20gost%C3%A1ria%20de%20mais%20informa%C3%A7%C3%B5es.\" target=\"_blank\" rel=\"noopener\">\n\t\t\t\t\t\t<span class=\"elementor-button-content-wrapper\">\n\t\t\t\t\t\t<span class=\"elementor-button-icon\">\n\t\t\t\t<svg aria-hidden=\"true\" class=\"e-font-icon-svg e-fab-whatsapp\" viewBox=\"0 0 448 512\" xmlns=\"http:\/\/www.w3.org\/2000\/svg\"><path d=\"M380.9 97.1C339 55.1 283.2 32 223.9 32c-122.4 0-222 99.6-222 222 0 39.1 10.2 77.3 29.6 111L0 480l117.7-30.9c32.4 17.7 68.9 27 106.1 27h.1c122.3 0 224.1-99.6 224.1-222 0-59.3-25.2-115-67.1-157zm-157 341.6c-33.2 0-65.7-8.9-94-25.7l-6.7-4-69.8 18.3L72 359.2l-4.4-7c-18.5-29.4-28.2-63.3-28.2-98.2 0-101.7 82.8-184.5 184.6-184.5 49.3 0 95.6 19.2 130.4 54.1 34.8 34.9 56.2 81.2 56.1 130.5 0 101.8-84.9 184.6-186.6 184.6zm101.2-138.2c-5.5-2.8-32.8-16.2-37.9-18-5.1-1.9-8.8-2.8-12.5 2.8-3.7 5.6-14.3 18-17.6 21.8-3.2 3.7-6.5 4.2-12 1.4-32.6-16.3-54-29.1-75.5-66-5.7-9.8 5.7-9.1 16.3-30.3 1.8-3.7.9-6.9-.5-9.7-1.4-2.8-12.5-30.1-17.1-41.2-4.5-10.8-9.1-9.3-12.5-9.5-3.2-.2-6.9-.2-10.6-.2-3.7 0-9.7 1.4-14.8 6.9-5.1 5.6-19.4 19-19.4 46.3 0 27.3 19.9 53.7 22.6 57.4 2.8 3.7 39.1 59.7 94.8 83.8 35.2 15.2 49 16.5 66.6 13.9 10.7-1.6 32.8-13.4 37.4-26.4 4.6-13 4.6-24.1 3.2-26.4-1.3-2.5-5-3.9-10.5-6.6z\"><\/path><\/svg>\t\t\t<\/span>\n\t\t\t\t\t\t\t\t\t<span class=\"elementor-button-text\">Entre em contato<\/span>\n\t\t\t\t\t<\/span>\n\t\t\t\t\t<\/a>\n\t\t\t\t<\/div>\n\t\t\t\t\t\t\t\t<\/div>\n\t\t\t\t<\/div>\n\t\t\t\t<\/div>\n\t\t<div class=\"elementor-element elementor-element-e676ef1 e-con-full e-flex e-con e-child\" data-id=\"e676ef1\" data-element_type=\"container\">\n\t\t\t\t<\/div>\n\t\t\t\t\t<\/div>\n\t\t\t\t<\/div>\n\t\t<div class=\"elementor-element elementor-element-bf93b91 e-flex e-con-boxed e-con e-parent\" data-id=\"bf93b91\" data-element_type=\"container\">\n\t\t\t\t\t<div class=\"e-con-inner\">\n\t\t<div class=\"elementor-element elementor-element-419bb96 e-con-full e-flex e-con e-child\" data-id=\"419bb96\" data-element_type=\"container\">\n\t\t\t\t<div class=\"elementor-element elementor-element-553deee elementor-invisible elementor-widget elementor-widget-image\" data-id=\"553deee\" data-element_type=\"widget\" data-settings=\"{&quot;_animation&quot;:&quot;fadeInLeft&quot;}\" data-widget_type=\"image.default\">\n\t\t\t\t<div class=\"elementor-widget-container\">\n\t\t\t\t\t\t\t\t\t\t\t\t\t\t\t<img decoding=\"async\" data-src=\"https:\/\/vrgpericiacontabil.com.br\/wp-content\/uploads\/elementor\/thumbs\/Servicos-Mosaico-scaled-reyz9zrhtztl7w8istdh71mqvsqpkzy848knyvdpc8.jpg\" title=\"Servi\u00e7os Mosaico\" alt=\"Servi\u00e7os Mosaico\" src=\"data:image\/svg+xml;base64,PHN2ZyB3aWR0aD0iMSIgaGVpZ2h0PSIxIiB4bWxucz0iaHR0cDovL3d3dy53My5vcmcvMjAwMC9zdmciPjwvc3ZnPg==\" class=\"lazyload\" style=\"--smush-placeholder-width: 500px; --smush-placeholder-aspect-ratio: 500\/500;\" \/>\t\t\t\t\t\t\t\t\t\t\t\t\t\t\t<\/div>\n\t\t\t\t<\/div>\n\t\t\t\t<\/div>\n\t\t<div class=\"elementor-element elementor-element-477a277 e-con-full e-flex e-con e-child\" data-id=\"477a277\" data-element_type=\"container\">\n\t\t\t\t<div class=\"elementor-element elementor-element-b003f2e elementor-invisible elementor-widget elementor-widget-heading\" data-id=\"b003f2e\" data-element_type=\"widget\" data-settings=\"{&quot;_animation&quot;:&quot;fadeInRight&quot;}\" data-widget_type=\"heading.default\">\n\t\t\t\t<div class=\"elementor-widget-container\">\n\t\t\t\t\t<h2 class=\"elementor-heading-title elementor-size-default\">Compromisso com a Verdade Cont\u00e1bil e o Rigor T\u00e9cnico<\/h2>\t\t\t\t<\/div>\n\t\t\t\t<\/div>\n\t\t\t\t<div class=\"elementor-element elementor-element-80e5e02 elementor-widget-divider--view-line elementor-widget elementor-widget-divider\" data-id=\"80e5e02\" data-element_type=\"widget\" data-widget_type=\"divider.default\">\n\t\t\t\t<div class=\"elementor-widget-container\">\n\t\t\t\t\t\t\t<div class=\"elementor-divider\">\n\t\t\t<span class=\"elementor-divider-separator\">\n\t\t\t\t\t\t<\/span>\n\t\t<\/div>\n\t\t\t\t\t\t<\/div>\n\t\t\t\t<\/div>\n\t\t\t\t<div class=\"elementor-element elementor-element-0dca1a8 elementor-widget elementor-widget-text-editor\" data-id=\"0dca1a8\" data-element_type=\"widget\" data-widget_type=\"text-editor.default\">\n\t\t\t\t<div class=\"elementor-widget-container\">\n\t\t\t\t\t\t\t\t\t<p data-start=\"1655\" data-end=\"1895\">Somos uma empresa especializada em <span style=\"color: #6cb8d6;\"><strong data-start=\"1690\" data-end=\"1735\">Per\u00edcia Cont\u00e1bil Judicial e Extrajudicial<\/strong><\/span>, com foco em oferecer suporte t\u00e9cnico preciso, embasado e estrat\u00e9gico para advogados, empresas e profissionais que necessitam de an\u00e1lises cont\u00e1beis confi\u00e1veis.<\/p><p data-start=\"1897\" data-end=\"2059\">Atuamos na constru\u00e7\u00e3o, interpreta\u00e7\u00e3o e contesta\u00e7\u00e3o de provas cont\u00e1beis, sempre com rigor metodol\u00f3gico, transpar\u00eancia e total respeito \u00e0s normas t\u00e9cnicas e legais.<\/p>\t\t\t\t\t\t\t\t<\/div>\n\t\t\t\t<\/div>\n\t\t\t\t<div class=\"elementor-element elementor-element-ff5db18 elementor-widget__width-initial elementor-widget-tablet__width-initial elementor-widget-mobile__width-inherit elementor-mobile-align-center elementor-invisible elementor-widget elementor-widget-button\" data-id=\"ff5db18\" data-element_type=\"widget\" data-settings=\"{&quot;_animation&quot;:&quot;zoomIn&quot;}\" data-widget_type=\"button.default\">\n\t\t\t\t<div class=\"elementor-widget-container\">\n\t\t\t\t\t\t\t\t\t<div class=\"elementor-button-wrapper\">\n\t\t\t\t\t<a class=\"elementor-button elementor-button-link elementor-size-sm elementor-animation-float\" href=\"https:\/\/vrgpericiacontabil.com.br\/?page_id=25\">\n\t\t\t\t\t\t<span class=\"elementor-button-content-wrapper\">\n\t\t\t\t\t\t\t\t\t<span class=\"elementor-button-text\">Saiba Mais<\/span>\n\t\t\t\t\t<\/span>\n\t\t\t\t\t<\/a>\n\t\t\t\t<\/div>\n\t\t\t\t\t\t\t\t<\/div>\n\t\t\t\t<\/div>\n\t\t\t\t<\/div>\n\t\t\t\t\t<\/div>\n\t\t\t\t<\/div>\n\t\t<div class=\"elementor-element elementor-element-1b804b0 e-flex e-con-boxed e-con e-parent\" data-id=\"1b804b0\" data-element_type=\"container\" data-settings=\"{&quot;background_background&quot;:&quot;classic&quot;}\">\n\t\t\t\t\t<div class=\"e-con-inner\">\n\t\t\t\t<div class=\"elementor-element elementor-element-677ea3a elementor-invisible elementor-widget elementor-widget-heading\" data-id=\"677ea3a\" data-element_type=\"widget\" data-settings=\"{&quot;_animation&quot;:&quot;fadeInRight&quot;}\" data-widget_type=\"heading.default\">\n\t\t\t\t<div class=\"elementor-widget-container\">\n\t\t\t\t\t<h2 class=\"elementor-heading-title elementor-size-default\">Nossos Servi\u00e7os<\/h2>\t\t\t\t<\/div>\n\t\t\t\t<\/div>\n\t\t\t\t<div class=\"elementor-element elementor-element-0718ff9 elementor-widget-divider--view-line elementor-widget elementor-widget-divider\" data-id=\"0718ff9\" data-element_type=\"widget\" data-widget_type=\"divider.default\">\n\t\t\t\t<div class=\"elementor-widget-container\">\n\t\t\t\t\t\t\t<div class=\"elementor-divider\">\n\t\t\t<span class=\"elementor-divider-separator\">\n\t\t\t\t\t\t<\/span>\n\t\t<\/div>\n\t\t\t\t\t\t<\/div>\n\t\t\t\t<\/div>\n\t\t\t\t<div class=\"elementor-element elementor-element-a7a739b elementor-widget__width-initial elementor-widget-mobile__width-inherit elementor-invisible elementor-widget elementor-widget-heading\" data-id=\"a7a739b\" data-element_type=\"widget\" data-settings=\"{&quot;_animation&quot;:&quot;fadeInUp&quot;}\" data-widget_type=\"heading.default\">\n\t\t\t\t<div class=\"elementor-widget-container\">\n\t\t\t\t\t<h2 class=\"elementor-heading-title elementor-size-default\">Suporte especializado para advogados e empresas em processos judiciais e extrajudiciais.<\/h2>\t\t\t\t<\/div>\n\t\t\t\t<\/div>\n\t\t<div class=\"elementor-element elementor-element-4c11cd1 e-con-full e-flex e-con e-child\" data-id=\"4c11cd1\" data-element_type=\"container\">\n\t\t<div class=\"elementor-element elementor-element-4c1f1a8 e-grid e-con-full e-con e-child\" data-id=\"4c1f1a8\" data-element_type=\"container\">\n\t\t\t\t<div class=\"elementor-element elementor-element-b8011e3 elementor-position-left elementor-vertical-align-top elementor-widget elementor-widget-image-box\" data-id=\"b8011e3\" data-element_type=\"widget\" data-widget_type=\"image-box.default\">\n\t\t\t\t<div class=\"elementor-widget-container\">\n\t\t\t\t\t<div class=\"elementor-image-box-wrapper\"><figure class=\"elementor-image-box-img\"><img decoding=\"async\" width=\"128\" height=\"128\" data-src=\"https:\/\/vrgpericiacontabil.com.br\/wp-content\/uploads\/2025\/11\/judicial.png\" class=\"attachment-full size-full wp-image-74 lazyload\" alt=\"\" src=\"data:image\/svg+xml;base64,PHN2ZyB3aWR0aD0iMSIgaGVpZ2h0PSIxIiB4bWxucz0iaHR0cDovL3d3dy53My5vcmcvMjAwMC9zdmciPjwvc3ZnPg==\" style=\"--smush-placeholder-width: 128px; --smush-placeholder-aspect-ratio: 128\/128;\" \/><\/figure><div class=\"elementor-image-box-content\"><h3 class=\"elementor-image-box-title\">Assist\u00eancia t\u00e9cnica cont\u00e1bil em processos judiciais<\/h3><p class=\"elementor-image-box-description\">Atuamos como Assistente T\u00e9cnico Cont\u00e1bil em processos das \u00e1reas C\u00edvel, Empresarial, Comercial, Banc\u00e1ria e Tribut\u00e1ria.<\/p><\/div><\/div>\t\t\t\t<\/div>\n\t\t\t\t<\/div>\n\t\t\t\t<div class=\"elementor-element elementor-element-1ce5a6d elementor-position-left elementor-vertical-align-top elementor-widget elementor-widget-image-box\" data-id=\"1ce5a6d\" data-element_type=\"widget\" data-widget_type=\"image-box.default\">\n\t\t\t\t<div class=\"elementor-widget-container\">\n\t\t\t\t\t<div class=\"elementor-image-box-wrapper\"><figure class=\"elementor-image-box-img\"><img decoding=\"async\" width=\"128\" height=\"128\" data-src=\"https:\/\/vrgpericiacontabil.com.br\/wp-content\/uploads\/2025\/11\/analise-de-dados.png\" class=\"attachment-full size-full wp-image-78 lazyload\" alt=\"\" src=\"data:image\/svg+xml;base64,PHN2ZyB3aWR0aD0iMSIgaGVpZ2h0PSIxIiB4bWxucz0iaHR0cDovL3d3dy53My5vcmcvMjAwMC9zdmciPjwvc3ZnPg==\" style=\"--smush-placeholder-width: 128px; --smush-placeholder-aspect-ratio: 128\/128;\" \/><\/figure><div class=\"elementor-image-box-content\"><h3 class=\"elementor-image-box-title\">Elabora\u00e7\u00e3o de parecer t\u00e9cnico cont\u00e1bil<\/h3><p class=\"elementor-image-box-description\">O Parecer T\u00e9cnico \u00e9 uma an\u00e1lise minuciosa e fundamentada do Laudo Pericial apresentado pelo perito do ju\u00edzo. Avaliamos c\u00e1lculos, metodologias, documentos e conclus\u00f5es, identificando inconsist\u00eancias t\u00e9cnicas ou pontos que possam alterar o desfecho do processo.<\/p><\/div><\/div>\t\t\t\t<\/div>\n\t\t\t\t<\/div>\n\t\t\t\t<div class=\"elementor-element elementor-element-c977f86 elementor-position-left elementor-vertical-align-top elementor-widget elementor-widget-image-box\" data-id=\"c977f86\" data-element_type=\"widget\" data-widget_type=\"image-box.default\">\n\t\t\t\t<div class=\"elementor-widget-container\">\n\t\t\t\t\t<div class=\"elementor-image-box-wrapper\"><figure class=\"elementor-image-box-img\"><img decoding=\"async\" width=\"128\" height=\"128\" data-src=\"https:\/\/vrgpericiacontabil.com.br\/wp-content\/uploads\/2025\/11\/reuniao.png\" class=\"attachment-full size-full wp-image-79 lazyload\" alt=\"\" src=\"data:image\/svg+xml;base64,PHN2ZyB3aWR0aD0iMSIgaGVpZ2h0PSIxIiB4bWxucz0iaHR0cDovL3d3dy53My5vcmcvMjAwMC9zdmciPjwvc3ZnPg==\" style=\"--smush-placeholder-width: 128px; --smush-placeholder-aspect-ratio: 128\/128;\" \/><\/figure><div class=\"elementor-image-box-content\"><h3 class=\"elementor-image-box-title\">Acompanhamento de per\u00edcia em dilig\u00eancias<\/h3><p class=\"elementor-image-box-description\">Acompanhamos todas as etapas da prova pericial dilig\u00eancias, reuni\u00f5es t\u00e9cnicas e esclarecimentos assegurando a correta execu\u00e7\u00e3o dos procedimentos, o cumprimento das normas cont\u00e1beis e a defesa dos interesses do cliente.<\/p><\/div><\/div>\t\t\t\t<\/div>\n\t\t\t\t<\/div>\n\t\t\t\t<div class=\"elementor-element elementor-element-2187e69 elementor-position-left elementor-vertical-align-top elementor-widget elementor-widget-image-box\" data-id=\"2187e69\" data-element_type=\"widget\" data-widget_type=\"image-box.default\">\n\t\t\t\t<div class=\"elementor-widget-container\">\n\t\t\t\t\t<div class=\"elementor-image-box-wrapper\"><figure class=\"elementor-image-box-img\"><img decoding=\"async\" width=\"128\" height=\"128\" data-src=\"https:\/\/vrgpericiacontabil.com.br\/wp-content\/uploads\/2025\/11\/documentacao.png\" class=\"attachment-full size-full wp-image-80 lazyload\" alt=\"\" src=\"data:image\/svg+xml;base64,PHN2ZyB3aWR0aD0iMSIgaGVpZ2h0PSIxIiB4bWxucz0iaHR0cDovL3d3dy53My5vcmcvMjAwMC9zdmciPjwvc3ZnPg==\" style=\"--smush-placeholder-width: 128px; --smush-placeholder-aspect-ratio: 128\/128;\" \/><\/figure><div class=\"elementor-image-box-content\"><h3 class=\"elementor-image-box-title\">An\u00e1lise pr\u00e9via da mat\u00e9ria e documenta\u00e7\u00e3o<\/h3><p class=\"elementor-image-box-description\">Antes mesmo do in\u00edcio da a\u00e7\u00e3o ou da per\u00edcia oficial, realizamos uma avalia\u00e7\u00e3o completa da mat\u00e9ria e dos documentos envolvidos. Identificamos riscos, inconsist\u00eancias, oportunidades e elementos essenciais para a constru\u00e7\u00e3o da prova cont\u00e1bil.<\/p><\/div><\/div>\t\t\t\t<\/div>\n\t\t\t\t<\/div>\n\t\t\t\t<div class=\"elementor-element elementor-element-2697d0c elementor-position-left elementor-vertical-align-top elementor-widget elementor-widget-image-box\" data-id=\"2697d0c\" data-element_type=\"widget\" data-widget_type=\"image-box.default\">\n\t\t\t\t<div class=\"elementor-widget-container\">\n\t\t\t\t\t<div class=\"elementor-image-box-wrapper\"><figure class=\"elementor-image-box-img\"><img decoding=\"async\" width=\"128\" height=\"128\" data-src=\"https:\/\/vrgpericiacontabil.com.br\/wp-content\/uploads\/2025\/11\/calculadora.png\" class=\"attachment-full size-full wp-image-81 lazyload\" alt=\"\" src=\"data:image\/svg+xml;base64,PHN2ZyB3aWR0aD0iMSIgaGVpZ2h0PSIxIiB4bWxucz0iaHR0cDovL3d3dy53My5vcmcvMjAwMC9zdmciPjwvc3ZnPg==\" style=\"--smush-placeholder-width: 128px; --smush-placeholder-aspect-ratio: 128\/128;\" \/><\/figure><div class=\"elementor-image-box-content\"><h3 class=\"elementor-image-box-title\">C\u00e1lculos cont\u00e1beis e financeiros<\/h3><p class=\"elementor-image-box-description\">Elaboramos pareceres t\u00e9cnicos que esclarecem d\u00favidas cont\u00e1beis e tribut\u00e1rias de alta complexidade, com base em normas vigentes e metodologias reconhecidas.<\/p><\/div><\/div>\t\t\t\t<\/div>\n\t\t\t\t<\/div>\n\t\t\t\t<div class=\"elementor-element elementor-element-68909f7 elementor-position-left elementor-vertical-align-top elementor-widget elementor-widget-image-box\" data-id=\"68909f7\" data-element_type=\"widget\" data-widget_type=\"image-box.default\">\n\t\t\t\t<div class=\"elementor-widget-container\">\n\t\t\t\t\t<div class=\"elementor-image-box-wrapper\"><figure class=\"elementor-image-box-img\"><img decoding=\"async\" width=\"128\" height=\"128\" data-src=\"https:\/\/vrgpericiacontabil.com.br\/wp-content\/uploads\/2025\/11\/processamento-em-lote.png\" class=\"attachment-full size-full wp-image-82 lazyload\" alt=\"\" src=\"data:image\/svg+xml;base64,PHN2ZyB3aWR0aD0iMSIgaGVpZ2h0PSIxIiB4bWxucz0iaHR0cDovL3d3dy53My5vcmcvMjAwMC9zdmciPjwvc3ZnPg==\" style=\"--smush-placeholder-width: 128px; --smush-placeholder-aspect-ratio: 128\/128;\" \/><\/figure><div class=\"elementor-image-box-content\"><h3 class=\"elementor-image-box-title\">Provas t\u00e9cnicas para processos extrajudiciais<\/h3><p class=\"elementor-image-box-description\">Realizamos c\u00e1lculos detalhados e confi\u00e1veis para processos judiciais e extrajudiciais, como:\n\u2022 Liquida\u00e7\u00e3o de senten\u00e7a\n\u2022 Presta\u00e7\u00e3o de contas\n\u2022 Apura\u00e7\u00e3o de haveres\n\u2022 Perdas e danos\n\u2022 Lucros cessantes\n\u2022 Atualiza\u00e7\u00f5es financeiras e corre\u00e7\u00f5es monet\u00e1rias<\/p><\/div><\/div>\t\t\t\t<\/div>\n\t\t\t\t<\/div>\n\t\t\t\t<\/div>\n\t\t\t\t<\/div>\n\t\t\t\t<div class=\"elementor-element elementor-element-4611b0f elementor-widget__width-initial elementor-widget-tablet__width-initial elementor-widget-mobile__width-initial elementor-align-center elementor-invisible elementor-widget elementor-widget-button\" data-id=\"4611b0f\" data-element_type=\"widget\" data-settings=\"{&quot;_animation&quot;:&quot;zoomIn&quot;}\" data-widget_type=\"button.default\">\n\t\t\t\t<div class=\"elementor-widget-container\">\n\t\t\t\t\t\t\t\t\t<div class=\"elementor-button-wrapper\">\n\t\t\t\t\t<a class=\"elementor-button elementor-button-link elementor-size-sm elementor-animation-float\" href=\"https:\/\/vrgpericiacontabil.com.br\/?page_id=28\">\n\t\t\t\t\t\t<span class=\"elementor-button-content-wrapper\">\n\t\t\t\t\t\t\t\t\t<span class=\"elementor-button-text\">Saiba mais<\/span>\n\t\t\t\t\t<\/span>\n\t\t\t\t\t<\/a>\n\t\t\t\t<\/div>\n\t\t\t\t\t\t\t\t<\/div>\n\t\t\t\t<\/div>\n\t\t\t\t\t<\/div>\n\t\t\t\t<\/div>\n\t\t<div class=\"elementor-element elementor-element-5afb2ae e-flex e-con-boxed e-con e-parent\" data-id=\"5afb2ae\" data-element_type=\"container\">\n\t\t\t\t\t<div class=\"e-con-inner\">\n\t\t\t\t<div class=\"elementor-element elementor-element-2bf5a72 elementor-invisible elementor-widget elementor-widget-heading\" data-id=\"2bf5a72\" data-element_type=\"widget\" data-settings=\"{&quot;_animation&quot;:&quot;fadeInRight&quot;}\" data-widget_type=\"heading.default\">\n\t\t\t\t<div class=\"elementor-widget-container\">\n\t\t\t\t\t<h2 class=\"elementor-heading-title elementor-size-default\">Posts<\/h2>\t\t\t\t<\/div>\n\t\t\t\t<\/div>\n\t\t\t\t<div class=\"elementor-element elementor-element-cb5febf elementor-widget-divider--view-line elementor-widget elementor-widget-divider\" data-id=\"cb5febf\" data-element_type=\"widget\" data-widget_type=\"divider.default\">\n\t\t\t\t<div class=\"elementor-widget-container\">\n\t\t\t\t\t\t\t<div class=\"elementor-divider\">\n\t\t\t<span class=\"elementor-divider-separator\">\n\t\t\t\t\t\t<\/span>\n\t\t<\/div>\n\t\t\t\t\t\t<\/div>\n\t\t\t\t<\/div>\n\t\t\t\t<div class=\"elementor-element elementor-element-a505131 elementor-widget__width-initial elementor-widget-mobile__width-inherit elementor-invisible elementor-widget elementor-widget-heading\" data-id=\"a505131\" data-element_type=\"widget\" data-settings=\"{&quot;_animation&quot;:&quot;fadeInUp&quot;}\" data-widget_type=\"heading.default\">\n\t\t\t\t<div class=\"elementor-widget-container\">\n\t\t\t\t\t<h2 class=\"elementor-heading-title elementor-size-default\">artigos e novidades compartilhadas pela VRG Per\u00edcia Cont\u00e1bil<\/h2>\t\t\t\t<\/div>\n\t\t\t\t<\/div>\n\t\t\t\t\t<\/div>\n\t\t\t\t<\/div>\n\t\t\t\t<\/div>\n\t\t","protected":false},"excerpt":{"rendered":"<p>Per\u00edcia Cont\u00e1bil com Precis\u00e3o, T\u00e9cnica e Seguran\u00e7a Jur\u00eddica Atuamos na an\u00e1lise de documentos, elabora\u00e7\u00e3o de laudos, pareceres t\u00e9cnicos e c\u00e1lculos, [&hellip;]<\/p>\n","protected":false},"author":1,"featured_media":0,"parent":0,"menu_order":0,"comment_status":"closed","ping_status":"closed","template":"","meta":{"site-sidebar-layout":"no-sidebar","site-content-layout":"","ast-site-content-layout":"full-width-container","site-content-style":"default","site-sidebar-style":"default","ast-global-header-display":"","ast-banner-title-visibility":"","ast-main-header-display":"","ast-hfb-above-header-display":"","ast-hfb-below-header-display":"","ast-hfb-mobile-header-display":"","site-post-title":"","ast-breadcrumbs-content":"","ast-featured-img":"disabled","footer-sml-layout":"","theme-transparent-header-meta":"","adv-header-id-meta":"","stick-header-meta":"","header-above-stick-meta":"","header-main-stick-meta":"","header-below-stick-meta":"","astra-migrate-meta-layouts":"default","ast-page-background-enabled":"default","ast-page-background-meta":{"desktop":{"background-color":"var(--ast-global-color-5)","background-image":"","background-repeat":"repeat","background-position":"center center","background-size":"auto","background-attachment":"scroll","background-type":"","background-media":"","overlay-type":"","overlay-color":"","overlay-opacity":"","overlay-gradient":""},"tablet":{"background-color":"","background-image":"","background-repeat":"repeat","background-position":"center center","background-size":"auto","background-attachment":"scroll","background-type":"","background-media":"","overlay-type":"","overlay-color":"","overlay-opacity":"","overlay-gradient":""},"mobile":{"background-color":"","background-image":"","background-repeat":"repeat","background-position":"center center","background-size":"auto","background-attachment":"scroll","background-type":"","background-media":"","overlay-type":"","overlay-color":"","overlay-opacity":"","overlay-gradient":""}},"ast-content-background-meta":{"desktop":{"background-color":"var(--ast-global-color-4)","background-image":"","background-repeat":"repeat","background-position":"center center","background-size":"auto","background-attachment":"scroll","background-type":"","background-media":"","overlay-type":"","overlay-color":"","overlay-opacity":"","overlay-gradient":""},"tablet":{"background-color":"var(--ast-global-color-4)","background-image":"","background-repeat":"repeat","background-position":"center center","background-size":"auto","background-attachment":"scroll","background-type":"","background-media":"","overlay-type":"","overlay-color":"","overlay-opacity":"","overlay-gradient":""},"mobile":{"background-color":"var(--ast-global-color-4)","background-image":"","background-repeat":"repeat","background-position":"center center","background-size":"auto","background-attachment":"scroll","background-type":"","background-media":"","overlay-type":"","overlay-color":"","overlay-opacity":"","overlay-gradient":""}},"footnotes":""},"class_list":["post-12","page","type-page","status-publish","hentry"],"_links":{"self":[{"href":"https:\/\/vrgpericiacontabil.com.br\/index.php?rest_route=\/wp\/v2\/pages\/12","targetHints":{"allow":["GET"]}}],"collection":[{"href":"https:\/\/vrgpericiacontabil.com.br\/index.php?rest_route=\/wp\/v2\/pages"}],"about":[{"href":"https:\/\/vrgpericiacontabil.com.br\/index.php?rest_route=\/wp\/v2\/types\/page"}],"author":[{"embeddable":true,"href":"https:\/\/vrgpericiacontabil.com.br\/index.php?rest_route=\/wp\/v2\/users\/1"}],"replies":[{"embeddable":true,"href":"https:\/\/vrgpericiacontabil.com.br\/index.php?rest_route=%2Fwp%2Fv2%2Fcomments&post=12"}],"version-history":[{"count":39,"href":"https:\/\/vrgpericiacontabil.com.br\/index.php?rest_route=\/wp\/v2\/pages\/12\/revisions"}],"predecessor-version":[{"id":195,"href":"https:\/\/vrgpericiacontabil.com.br\/index.php?rest_route=\/wp\/v2\/pages\/12\/revisions\/195"}],"wp:attachment":[{"href":"https:\/\/vrgpericiacontabil.com.br\/index.php?rest_route=%2Fwp%2Fv2%2Fmedia&parent=12"}],"curies":[{"name":"wp","href":"https:\/\/api.w.org\/{rel}","templated":true}]}}